{"id":135,"date":"2021-05-12T11:36:55","date_gmt":"2021-05-12T11:36:55","guid":{"rendered":"http:\/\/appelcarrascal.com\/?page_id=135"},"modified":"2024-08-01T09:44:36","modified_gmt":"2024-08-01T09:44:36","slug":"home","status":"publish","type":"page","link":"http:\/\/appelcarrascal.com\/","title":{"rendered":"Inicio"},"content":{"rendered":"\n<div class=\"wp-block-uagb-container uagb-block-841cfca7 alignfull uagb-is-root-container\"><div class=\"uagb-container-inner-blocks-wrap\">\n<div class=\"wp-block-uagb-advanced-heading uagb-block-47649a95\"><h1 class=\"uagb-heading-text\">Soluciones inform\u00e1ticas<\/h1><\/div>\n\n\n\n<p class=\"has-ast-global-color-2-color has-ast-global-color-1-background-color has-text-color has-background has-link-color wp-elements-9efd28f0a577ee086bd8006dda39ccfb\">Juan, ten\u00eda un ordenador, a\u00fan lo tiene, que con el paso del tiempo, empez\u00f3 a funcionar m\u00e1s lentamente y los programas tardaban en abrirse.<\/p>\n\n\n\n<p class=\"has-ast-global-color-1-color has-ast-global-color-2-background-color has-text-color has-background has-link-color wp-elements-e27e8a4da4f3a8325328002ca75ababc\">Un d\u00eda, mientras Juan estaba trabajando en un proyecto importante, su ordenador se apag\u00f3 de repente.<\/p>\n\n\n\n<p class=\"has-ast-global-color-2-color has-ast-global-color-1-background-color has-text-color has-background has-link-color wp-elements-acbc7132141e8baa1f38be5bf35cdb9a\">La angustia invadi\u00f3 a Juan, quien se preguntaba si podr\u00eda terminar su trabajo a tiempo.<\/p>\n\n\n\n<p class=\"has-ast-global-color-1-color has-ast-global-color-2-background-color has-text-color has-background has-link-color wp-elements-e78541a454b8440c73a3f0cbe7cd21ff\">La preocupaci\u00f3n se transform\u00f3 en frustraci\u00f3n al ver que ninguna de sus soluciones funcionaba. \u00ab\u00bfQu\u00e9 voy a hacer?\u00bb, pens\u00f3 con desesperaci\u00f3n, NUNCA hab\u00eda necesitado ayuda profesional para su ordenador, era SU PRIMERA VEZ.<\/p>\n\n\n\n<p class=\"has-ast-global-color-2-color has-ast-global-color-1-background-color has-text-color has-background has-link-color wp-elements-1d0a0c9cf211339c1aacaf39db21aca6\">Juan sabe que en el mundo de la inform\u00e1tica existen profesionales buenos y los dem\u00e1s, por eso acudi\u00f3 a <strong>App el Carrascal<\/strong><\/p>\n\n\n\n<p class=\"has-ast-global-color-1-color has-ast-global-color-2-background-color has-text-color has-background has-link-color wp-elements-5fdefa517ed9e8f90afc62930c403342\">\u00abNo te preocupes, Juan. Vamos a cuidar de t\u00fa ordenador como si fuera nuestro.\u00bb Se le ven\u00eda a la cabeza a Juan tras salir de la tienda.<\/p>\n\n\n\n<p class=\"has-ast-global-color-2-color has-ast-global-color-1-background-color has-text-color has-background has-link-color wp-elements-0a69176b64c659c0ddc0063dee55d8a7\">Al poco tiempo, muy poco, la verdad, Juan ya tenia su ordenador reparado y funcionando incluso mejor que cuando lo compr\u00f3, era cierto que las medidas que le indicaron iban a rejuvenecer su ordenador.<\/p>\n\n\n\n<p class=\"has-ast-global-color-1-color has-ast-global-color-2-background-color has-text-color has-background has-link-color wp-elements-9e74bb4d0e849cf627230c4b26e7396f\">Pero la historia no termin\u00f3 ah\u00ed. Inspirado por la experiencia, Juan decidi\u00f3 comprar un ordenador nuevo en <strong>App el Carrascal<\/strong>. La emoci\u00f3n de elegir un equipo moderno y potente llen\u00f3 a Juan de entusiasmo. Al llevarlo a casa, sinti\u00f3 la gratificaci\u00f3n de una nueva adquisici\u00f3n, sabiendo que contaba con el respaldo de confianza para cualquier necesidad futura.<\/p>\n\n\n\n<p class=\"has-ast-global-color-2-color has-ast-global-color-0-background-color has-text-color has-background has-link-color wp-elements-8a970c7ca3a47c7449ae4fc83d04c6f8\">As\u00ed, <strong>App el Carrascal<\/strong> no solo repar\u00f3 a su viejo ordenador, sino que tambi\u00e9n se gan\u00f3 un lugar especial en el coraz\u00f3n de Juan, quien ahora sab\u00eda que pod\u00eda confiar en ellos para mantener su vida digital sin complicaciones, siempre llenando su d\u00eda a d\u00eda de emociones positivas.<\/p>\n\n\n\n<div class=\"wp-block-uagb-icon-list uagb-block-1f281166\"><div class=\"uagb-icon-list__wrap\">\n<div class=\"wp-block-uagb-icon-list-child uagb-block-8f185a76\"><a target=\"_self\" aria-label=\"Averig\u00fca que ofrecemos.\" rel=\"noopener noreferrer\" href=\"#\"> <\/a><span class=\"uagb-icon-list__source-wrap\"><svg xmlns=\"https:\/\/www.w3.org\/2000\/svg\" viewBox=\"0 0 320 512\"><path d=\"M9.375 329.4c12.51-12.51 32.76-12.49 45.25 0L128 402.8V32c0-17.69 14.31-32 32-32s32 14.31 32 32v370.8l73.38-73.38c12.5-12.5 32.75-12.5 45.25 0s12.5 32.75 0 45.25l-128 128c-12.5 12.5-32.75 12.5-45.25 0l-128-128C-3.125 362.1-3.125 341.9 9.375 329.4z\"><\/path><\/svg><\/span><span class=\"uagb-icon-list__label\">Averig\u00fca que ofrecemos.<\/span><\/div>\n<\/div><\/div>\n<\/div><\/div>\n\n\n\n<div class=\"wp-block-uagb-container uagb-block-a948c684 alignfull uagb-is-root-container\"><div class=\"uagb-container-inner-blocks-wrap\">\n<div class=\"wp-block-uagb-advanced-heading uagb-block-6c63827c\"><h2 class=\"uagb-heading-text\">A qu\u00e9 me dedico<\/h2><\/div>\n<\/div><\/div>\n\n\n\n<div class=\"wp-block-uagb-container uagb-block-ca17b4a3 alignfull uagb-is-root-container\"><div class=\"uagb-container-inner-blocks-wrap\">\n<div class=\"wp-block-uagb-info-box uagb-block-2ad10b98 uagb-infobox__content-wrap  uagb-infobox-icon-above-title uagb-infobox-image-valign-top\"><div class=\"uagb-ifb-content\"><div class=\"uagb-ifb-title-wrap\"><h4 class=\"uagb-ifb-title\">Venta<\/h4><\/div><p class=\"uagb-ifb-desc\">Para ofrecete lo mejor, s\u00f3lo podemos trabajar con los mejores y mayores distribuidoras del sector.<br><br>Gracias a ello, accedemos a un amplisimo cat\u00e1logo de referencias de primeras marcas.<br><br>Si necesitas algo, <strong>\u00a1p\u00eddenoslo!<\/strong><\/p><\/div><\/div>\n\n\n\n<div class=\"wp-block-uagb-info-box uagb-block-1d78c800 uagb-infobox__content-wrap  uagb-infobox-icon-above-title uagb-infobox-image-valign-top\"><div class=\"uagb-ifb-content\"><div class=\"uagb-ifb-title-wrap\"><h4 class=\"uagb-ifb-title\">Reparaciones<\/h4><\/div><p class=\"uagb-ifb-desc\">No nos ponemos l\u00edmites, cualquier ordenador, sobremesa, port\u00e1til, AIO (todo en uno), de cualquier marca, con cualquier <br>sistema operativo. <br><br>Los retos o desaf\u00edos nos los traen nuestros clientes.<br><br>Damos soluciones.<\/p><\/div><\/div>\n\n\n\n<div class=\"wp-block-uagb-info-box uagb-block-adee18c0 uagb-infobox__content-wrap  uagb-infobox-icon-above-title uagb-infobox-image-valign-top\"><div class=\"uagb-ifb-content\"><div class=\"uagb-ifb-title-wrap\"><h4 class=\"uagb-ifb-title\">Mantenimientos<\/h4><\/div><p class=\"uagb-ifb-desc\">Si, es cierto que si funciona no lo toques, pero hay un DEPENDE en esto. <br><br>Todo equipo precisa de un mantenimiento<br><br><strong>El preventivo <\/strong>anticipa aver\u00edas serias<br><br><strong>El correctivo <\/strong>soluciona las ya existentes.<br><br>No existe la <strong>SEGURIDAD<\/strong> total, pero nosotros siempre buscamos que nuestros clientes se acerquen a ella, para evitar p\u00e9rdida de <strong>DATOS<\/strong>, p\u00e9rdida de <strong>TIEMPO<\/strong> , para obtener <strong>TRANQUILIDAD<\/strong>.<\/p><\/div><\/div>\n<\/div><\/div>\n\n\n\n<div class=\"wp-block-group is-layout-constrained wp-block-group-is-layout-constrained\">\n<div class=\"wp-block-columns is-layout-flex wp-container-core-columns-is-layout-28f84493 wp-block-columns-is-layout-flex\">\n<div class=\"wp-block-column is-layout-flow wp-block-column-is-layout-flow\" style=\"flex-basis:100%\">\n<div class=\"wp-block-uagb-container uagb-block-cfde5ec8 alignfull uagb-is-root-container\"><div class=\"uagb-container-inner-blocks-wrap\">\n<div class=\"wp-block-uagb-container uagb-block-d81ee3bc\">\n<div class=\"wp-block-uagb-info-box uagb-block-c99e0ed6 uagb-infobox__content-wrap  uagb-infobox-icon-above-title uagb-infobox-image-valign-top\"><div class=\"uagb-ifb-content\"><div class=\"uagb-ifb-title-wrap\"><h2 class=\"uagb-ifb-title\">Sobre mi<\/h2><\/div><p class=\"uagb-ifb-desc\">Mi pasi\u00f3n por la inform\u00e1tica comenz\u00f3 en la infancia, en una \u00e9poca en la que la magia de los juegos se escond\u00eda en p\u00e1ginas de c\u00f3digo que copi\u00e1bamos de revistas al <strong>Commodore 64 <\/strong>que nuestros padres nos regalaron.<br><br>Mis hermanos y yo pas\u00e1bamos horas introduciendo esos c\u00f3digos, enfrent\u00e1ndonos a errores que parec\u00edan insuperables. <br><br>Fue ah\u00ed donde aprendimos el verdadero valor del trabajo en equipo, compartiendo tanto la frustraci\u00f3n de los fallos como la euforia de hacer funcionar un juego. <br><br><strong><em>Esos momentos no solo nos formaron, sino que crearon recuerdos imborrables.<\/em><\/strong><br><br>Con el tiempo, dimos el salto a nuestro primer PC, una adquisici\u00f3n que, en retrospectiva, parece casi incre\u00edble.<br><br>Lo compramos <em>en un garaje en Alcorc\u00f3n<\/em>, un lugar que no era ni siquiera una tienda f\u00edsica, sino un espacio que, como el garaje de Apple, promet\u00eda un mundo de posibilidades.<br><br>Convencimos a nuestros padres para invertir una suma considerable, confiando en nuestra visi\u00f3n de futuro.<br><br>As\u00ed pas\u00f3 la vida, mientras me formaba en <strong>Inform\u00e1tica de Gesti\u00f3n<\/strong> y realizaba cursos de <strong>Mantenimiento de equipos inform\u00e1ticos<\/strong>.<br><br>Invert\u00ed incontables horas trasteando, desarmando, aprendiendo. Todo ese esfuerzo y aprendizaje me llevaron a crear esta empresa de servicios inform\u00e1ticos, un proyecto que ha crecido con m\u00e1s de 20 a\u00f1os de experiencia y una tienda f\u00edsica que abr\u00ed en 2012. Aqu\u00ed, seguimos con la misma pasi\u00f3n que encendi\u00f3 mi amor por la tecnolog\u00eda, ayudando a otros a solucionar problemas y alcanzar sus sue\u00f1os tecnol\u00f3gicos.<\/p><\/div><\/div>\n<\/div>\n\n\n\n<div class=\"wp-block-uagb-container uagb-block-40123612\">\n<div class=\"wp-block-uagb-image alignwide uagb-block-717f9e71 wp-block-uagb-image--layout-default wp-block-uagb-image--effect-static wp-block-uagb-image--align-wide aligncenter\"><figure class=\"wp-block-uagb-image__figure\"><img decoding=\"async\" srcset=\"http:\/\/appelcarrascal.com\/wp-content\/uploads\/2023\/05\/Local-app-el-carrascal1-1.jpg \" sizes=\"auto, (max-width: 480px) 150px\" src=\"http:\/\/appelcarrascal.com\/wp-content\/uploads\/2023\/05\/Local-app-el-carrascal1-1.jpg\" alt=\"\" class=\"uag-image-906\" width=\"535\" height=\"172\" title=\"\" loading=\"lazy\" role=\"img\"\/><\/figure><\/div>\n<\/div>\n<\/div><\/div>\n<\/div>\n<\/div>\n\n\n\n<div class=\"wp-block-uagb-container uag-blocks-common-selector uagb-block-7be5f168 alignfull uagb-is-root-container\"><div class=\"uagb-container-inner-blocks-wrap\">\n<div class=\"wp-block-group is-layout-constrained wp-block-group-is-layout-constrained\"><\/div>\n\n\n\n<div class=\"wp-block-columns is-layout-flex wp-container-core-columns-is-layout-28f84493 wp-block-columns-is-layout-flex\">\n<div class=\"wp-block-column is-layout-flow wp-block-column-is-layout-flow\" style=\"flex-basis:100%\">\n<figure class=\"wp-block-image aligncenter size-full\"><img loading=\"lazy\" decoding=\"async\" width=\"500\" height=\"500\" src=\"http:\/\/appelcarrascal.com\/wp-content\/uploads\/2024\/04\/Logo-empresas-que-confian-1.png\" alt=\"\" class=\"wp-image-1142\" srcset=\"http:\/\/appelcarrascal.com\/wp-content\/uploads\/2024\/04\/Logo-empresas-que-confian-1.png 500w, http:\/\/appelcarrascal.com\/wp-content\/uploads\/2024\/04\/Logo-empresas-que-confian-1-300x300.png 300w, http:\/\/appelcarrascal.com\/wp-content\/uploads\/2024\/04\/Logo-empresas-que-confian-1-150x150.png 150w\" sizes=\"auto, (max-width: 500px) 100vw, 500px\" \/><\/figure>\n<\/div>\n<\/div>\n<\/div><\/div>\n<\/div>\n\n\n\n<div class=\"wp-block-uagb-container uagb-block-2bccff76 alignfull uagb-is-root-container\"><div class=\"uagb-container-inner-blocks-wrap\">\n<div class=\"wp-block-uagb-info-box uagb-block-740ec7af uagb-infobox__content-wrap  uagb-infobox-icon-above-title uagb-infobox-image-valign-top\"><div class=\"uagb-ifb-content\"><div class=\"uagb-ifb-title-wrap\"><h2 class=\"uagb-ifb-title\">\u00bfPor qu\u00e9 elegirme?<\/h2><\/div><p class=\"uagb-ifb-desc\">En cada proyecto que emprendo, recuerdo mis inicios: aquellas largas noches en las que tres hermanos se un\u00edan para descifrar c\u00f3digos y enfrentar desaf\u00edos tecnol\u00f3gicos.<br><br>Fue en esos momentos cuando aprendimos que la clave del \u00e9xito est\u00e1 en la dedicaci\u00f3n, la colaboraci\u00f3n y, sobre todo, en escuchar.<br><br>Hoy, sigo esos principios, no solo para solucionar problemas t\u00e9cnicos, sino para construir <strong>relaciones basadas en la confianza<\/strong>. Al elegirme, no solo obtienes un proveedor de servicios inform\u00e1ticos; obtienes un socio que cuida de tus equipos como si fueran los mios y que se preocupa por el bienestar de tu empresa tanto como por el mio.<br><br>Entiendo que cada cliente es \u00fanico, y por eso <strong>me tomo el tiempo para escuchar y personalizar mis soluciones<\/strong>.<br><br>Me comprometo a ser ese aliado que est\u00e1 contigo en cada paso, asegur\u00e1ndome de que tu negocio funcione sin contratiempos y que puedas centrarte en lo que realmente importa.<\/p><\/div><\/div>\n<\/div><\/div>\n\n\n\n<div class=\"wp-block-uagb-container uagb-block-7ef1d1e3 alignfull uagb-is-root-container\"><div class=\"uagb-container-inner-blocks-wrap\">\n<div class=\"wp-block-uagb-container uagb-block-7e38978f alignfull uagb-is-root-container\"><div class=\"uagb-container-inner-blocks-wrap\">\n<div class=\"wp-block-uagb-container uagb-block-6a43e264 alignfull uagb-is-root-container\"><div class=\"uagb-container-inner-blocks-wrap\">\n<div class=\"wp-block-uagb-info-box uagb-block-a9635533 uagb-infobox__content-wrap  uagb-infobox-icon-above-title uagb-infobox-image-valign-top\"><div class=\"uagb-ifb-content\"><div class=\"uagb-ifb-title-wrap\"><h3 class=\"uagb-ifb-title\">\u00bfEn qu\u00e9 podemos ayudarte?<\/h3><\/div><p class=\"uagb-ifb-desc\">Hablemos.<br>Escanea el QR y te responderemos o pulsa este enlace:<\/p><div class=\"uagb-ifb-button-wrapper wp-block-button\"><a href=\"https:\/\/wa.me\/message\/LHW6TQAHORVAK1\" target=\"_blank\" onclick=\"return true;\" class=\"uagb-infobox-cta-link\" rel=\"noopener noreferrer\" alt=\"\"><span class=\"uagb-inline-editing\">WhatsApp <\/span><svg xmlns=\"https:\/\/www.w3.org\/2000\/svg\" viewBox=\"0 0 448 512\"><path d=\"M380.9 97.1C339 55.1 283.2 32 223.9 32c-122.4 0-222 99.6-222 222 0 39.1 10.2 77.3 29.6 111L0 480l117.7-30.9c32.4 17.7 68.9 27 106.1 27h.1c122.3 0 224.1-99.6 224.1-222 0-59.3-25.2-115-67.1-157zm-157 341.6c-33.2 0-65.7-8.9-94-25.7l-6.7-4-69.8 18.3L72 359.2l-4.4-7c-18.5-29.4-28.2-63.3-28.2-98.2 0-101.7 82.8-184.5 184.6-184.5 49.3 0 95.6 19.2 130.4 54.1 34.8 34.9 56.2 81.2 56.1 130.5 0 101.8-84.9 184.6-186.6 184.6zm101.2-138.2c-5.5-2.8-32.8-16.2-37.9-18-5.1-1.9-8.8-2.8-12.5 2.8-3.7 5.6-14.3 18-17.6 21.8-3.2 3.7-6.5 4.2-12 1.4-32.6-16.3-54-29.1-75.5-66-5.7-9.8 5.7-9.1 16.3-30.3 1.8-3.7 .9-6.9-.5-9.7-1.4-2.8-12.5-30.1-17.1-41.2-4.5-10.8-9.1-9.3-12.5-9.5-3.2-.2-6.9-.2-10.6-.2-3.7 0-9.7 1.4-14.8 6.9-5.1 5.6-19.4 19-19.4 46.3 0 27.3 19.9 53.7 22.6 57.4 2.8 3.7 39.1 59.7 94.8 83.8 35.2 15.2 49 16.5 66.6 13.9 10.7-1.6 32.8-13.4 37.4-26.4 4.6-13 4.6-24.1 3.2-26.4-1.3-2.5-5-3.9-10.5-6.6z\"><\/path><\/svg><\/a><\/div><\/div><\/div>\n\n\n\n<div class=\"wp-block-uagb-image aligncenter uagb-block-dd7d504f wp-block-uagb-image--layout-default wp-block-uagb-image--effect-static wp-block-uagb-image--align-center\"><figure class=\"wp-block-uagb-image__figure\"><img decoding=\"async\" srcset=\"http:\/\/appelcarrascal.com\/wp-content\/uploads\/2023\/05\/QR-WhatsApp-Tienda-4.png \" sizes=\"auto, (max-width: 480px) 150px\" src=\"http:\/\/appelcarrascal.com\/wp-content\/uploads\/2023\/05\/QR-WhatsApp-Tienda-4.png\" alt=\"\" class=\"uag-image-956\" width=\"212\" height=\"205\" title=\"\" loading=\"lazy\"\/><\/figure><\/div>\n<\/div><\/div>\n\n\n\n<div class=\"wp-block-uagb-container uagb-block-0157402f alignfull uagb-is-root-container\"><div class=\"uagb-container-inner-blocks-wrap\">\n<div class=\"wp-block-uagb-image aligncenter uagb-block-0a5f03f7 wp-block-uagb-image--layout-default wp-block-uagb-image--effect-static wp-block-uagb-image--align-center\"><figure class=\"wp-block-uagb-image__figure\"><img decoding=\"async\" srcset=\"http:\/\/appelcarrascal.com\/wp-content\/uploads\/2023\/05\/WhatsApp_logo1.svg.png ,http:\/\/appelcarrascal.com\/wp-content\/uploads\/2021\/05\/cta-img.jpg 780w\" sizes=\"auto, (max-width: 480px) 150px\" src=\"http:\/\/appelcarrascal.com\/wp-content\/uploads\/2023\/05\/WhatsApp_logo1.svg.png\" alt=\"\" class=\"uag-image-1065\" width=\"544\" height=\"320\" title=\"\" loading=\"lazy\"\/><\/figure><\/div>\n<\/div><\/div>\n<\/div><\/div>\n<\/div><\/div>\n\n\n\n<div class=\"wp-block-uagb-container uagb-block-5692153f alignfull uagb-is-root-container\"><div class=\"uagb-container-inner-blocks-wrap\">\n<div class=\"wp-block-uagb-info-box uagb-block-8b019a54 uagb-infobox__content-wrap  uagb-infobox-icon-above-title uagb-infobox-image-valign-top\"><div class=\"uagb-ifb-content\"><div class=\"uagb-ifb-title-wrap\"><span class=\"uagb-ifb-title-prefix\">Tu socio de confianza<\/span><h2 class=\"uagb-ifb-title\">Cada d\u00eda sale algo nuevo, cada d\u00eda investigo en lo nuevo que sale.<\/h2><\/div><\/div><\/div>\n\n\n\n<div class=\"wp-block-uagb-advanced-heading uagb-block-200a58ff\"><p class=\"uagb-heading-text\">En cada reto que enfrento, pongo el coraz\u00f3n en lo que hago, como cuando picaba c\u00f3digo para poder jugar con el Commodore 64.<br>Esta pasi\u00f3n es lo que me impulsa a encontrar las soluciones m\u00e1s innovadoras y efectivas para facilitar tu d\u00eda a d\u00eda.<br>No somos solo un proveedor de servicios; soy tu aliado de confianza, dedicado a acompa\u00f1arte en cada paso, brind\u00e1ndote el respaldo y la seguridad que necesitas.<br>Cuando me elijas, puedes estar seguro de que siempre estar\u00e9 aqu\u00ed, listospara ayudarte a superar cualquier desaf\u00edo.<\/p><\/div>\n<\/div><\/div>\n\n\n\n<div class=\"wp-block-uagb-container uagb-block-937a4129 alignfull uagb-is-root-container\"><div class=\"uagb-container-inner-blocks-wrap\">\n<div class=\"wp-block-uagb-image aligncenter uagb-block-31ccb068 wp-block-uagb-image--layout-default wp-block-uagb-image--effect-static wp-block-uagb-image--align-center\"><figure class=\"wp-block-uagb-image__figure\"><img decoding=\"async\" srcset=\"http:\/\/appelcarrascal.com\/wp-content\/uploads\/2023\/05\/9-1.jpg \" sizes=\"auto, (max-width: 480px) 150px\" src=\"http:\/\/appelcarrascal.com\/wp-content\/uploads\/2023\/05\/9-1.jpg\" alt=\"\" class=\"uag-image-952\" width=\"521\" height=\"380\" title=\"\" loading=\"lazy\" role=\"img\"\/><\/figure><\/div>\n\n\n\n<div class=\"wp-block-uagb-image aligncenter uagb-block-f52b1f06 wp-block-uagb-image--layout-default wp-block-uagb-image--effect-static wp-block-uagb-image--align-center\"><figure class=\"wp-block-uagb-image__figure\"><img decoding=\"async\" srcset=\"http:\/\/appelcarrascal.com\/wp-content\/uploads\/2023\/05\/6-1.jpg \" sizes=\"auto, (max-width: 480px) 150px\" src=\"http:\/\/appelcarrascal.com\/wp-content\/uploads\/2023\/05\/6-1.jpg\" alt=\"\" class=\"uag-image-949\" width=\"521\" height=\"380\" title=\"\" loading=\"lazy\" role=\"img\"\/><\/figure><\/div>\n<\/div><\/div>\n","protected":false},"excerpt":{"rendered":"<p>Soluciones inform\u00e1ticas Juan, ten\u00eda un ordenador, a\u00fan lo tiene, que con el paso del tiempo, empez\u00f3 a funcionar m\u00e1s lentamente y los programas tardaban en abrirse. Un d\u00eda, mientras Juan estaba trabajando en un proyecto importante, su ordenador se apag\u00f3 de repente. La angustia invadi\u00f3 a Juan, quien se preguntaba si podr\u00eda terminar su trabajo [&hellip;]<\/p>\n","protected":false},"author":1,"featured_media":0,"parent":0,"menu_order":0,"comment_status":"closed","ping_status":"closed","template":"","meta":{"_uag_custom_page_level_css":"","site-sidebar-layout":"no-sidebar","site-content-layout":"page-builder","ast-site-content-layout":"default","site-content-style":"default","site-sidebar-style":"default","ast-global-header-display":"","ast-banner-title-visibility":"","ast-main-header-display":"","ast-hfb-above-header-display":"","ast-hfb-below-header-display":"","ast-hfb-mobile-header-display":"","site-post-title":"disabled","ast-breadcrumbs-content":"","ast-featured-img":"disabled","footer-sml-layout":"","ast-disable-related-posts":"","theme-transparent-header-meta":"enabled","adv-header-id-meta":"","stick-header-meta":"","header-above-stick-meta":"","header-main-stick-meta":"","header-below-stick-meta":"","astra-migrate-meta-layouts":"default","ast-page-background-enabled":"default","ast-page-background-meta":{"desktop":{"background-color":"var(--ast-global-color-4)","background-image":"","background-repeat":"repeat","background-position":"center center","background-size":"auto","background-attachment":"scroll","background-type":"","background-media":"","overlay-type":"","overlay-color":"","overlay-opacity":"","overlay-gradient":""},"tablet":{"background-color":"","background-image":"","background-repeat":"repeat","background-position":"center center","background-size":"auto","background-attachment":"scroll","background-type":"","background-media":"","overlay-type":"","overlay-color":"","overlay-opacity":"","overlay-gradient":""},"mobile":{"background-color":"","background-image":"","background-repeat":"repeat","background-position":"center center","background-size":"auto","background-attachment":"scroll","background-type":"","background-media":"","overlay-type":"","overlay-color":"","overlay-opacity":"","overlay-gradient":""}},"ast-content-background-meta":{"desktop":{"background-color":"var(--ast-global-color-5)","background-image":"","background-repeat":"repeat","background-position":"center center","background-size":"auto","background-attachment":"scroll","background-type":"","background-media":"","overlay-type":"","overlay-color":"","overlay-opacity":"","overlay-gradient":""},"tablet":{"background-color":"var(--ast-global-color-5)","background-image":"","background-repeat":"repeat","background-position":"center center","background-size":"auto","background-attachment":"scroll","background-type":"","background-media":"","overlay-type":"","overlay-color":"","overlay-opacity":"","overlay-gradient":""},"mobile":{"background-color":"var(--ast-global-color-5)","background-image":"","background-repeat":"repeat","background-position":"center center","background-size":"auto","background-attachment":"scroll","background-type":"","background-media":"","overlay-type":"","overlay-color":"","overlay-opacity":"","overlay-gradient":""}},"footnotes":""},"class_list":["post-135","page","type-page","status-publish","hentry"],"uagb_featured_image_src":{"full":false,"thumbnail":false,"medium":false,"medium_large":false,"large":false,"1536x1536":false,"2048x2048":false},"uagb_author_info":{"display_name":"admin","author_link":"http:\/\/appelcarrascal.com\/?author=1"},"uagb_comment_info":0,"uagb_excerpt":"Soluciones inform\u00e1ticas Juan, ten\u00eda un ordenador, a\u00fan lo tiene, que con el paso del tiempo, empez\u00f3 a funcionar m\u00e1s lentamente y los programas tardaban en abrirse. Un d\u00eda, mientras Juan estaba trabajando en un proyecto importante, su ordenador se apag\u00f3 de repente. La angustia invadi\u00f3 a Juan, quien se preguntaba si podr\u00eda terminar su trabajo&hellip;","_links":{"self":[{"href":"http:\/\/appelcarrascal.com\/index.php?rest_route=\/wp\/v2\/pages\/135","targetHints":{"allow":["GET"]}}],"collection":[{"href":"http:\/\/appelcarrascal.com\/index.php?rest_route=\/wp\/v2\/pages"}],"about":[{"href":"http:\/\/appelcarrascal.com\/index.php?rest_route=\/wp\/v2\/types\/page"}],"author":[{"embeddable":true,"href":"http:\/\/appelcarrascal.com\/index.php?rest_route=\/wp\/v2\/users\/1"}],"replies":[{"embeddable":true,"href":"http:\/\/appelcarrascal.com\/index.php?rest_route=%2Fwp%2Fv2%2Fcomments&post=135"}],"version-history":[{"count":42,"href":"http:\/\/appelcarrascal.com\/index.php?rest_route=\/wp\/v2\/pages\/135\/revisions"}],"predecessor-version":[{"id":1164,"href":"http:\/\/appelcarrascal.com\/index.php?rest_route=\/wp\/v2\/pages\/135\/revisions\/1164"}],"wp:attachment":[{"href":"http:\/\/appelcarrascal.com\/index.php?rest_route=%2Fwp%2Fv2%2Fmedia&parent=135"}],"curies":[{"name":"wp","href":"https:\/\/api.w.org\/{rel}","templated":true}]}}