{"id":139,"date":"2021-05-12T11:38:10","date_gmt":"2021-05-12T11:38:10","guid":{"rendered":"http:\/\/appelcarrascal.com\/?page_id=139"},"modified":"2024-08-01T09:38:17","modified_gmt":"2024-08-01T09:38:17","slug":"about-us","status":"publish","type":"page","link":"http:\/\/appelcarrascal.com\/?page_id=139","title":{"rendered":"Sobre mi"},"content":{"rendered":"\n<div class=\"wp-block-uagb-container uagb-block-4de52288 alignfull uagb-is-root-container\"><div class=\"uagb-container-inner-blocks-wrap\">\n<div class=\"wp-block-uagb-info-box uagb-block-8f5f068e uagb-infobox__content-wrap  uagb-infobox-icon-above-title uagb-infobox-image-valign-top\"><div class=\"uagb-ifb-content\"><div class=\"uagb-ifb-separator\"><\/div><div class=\"uagb-ifb-title-wrap\"><h1 class=\"uagb-ifb-title\">Sobre mi<\/h1><\/div><\/div><\/div>\n<\/div><\/div>\n\n\n\n<div class=\"wp-block-uagb-container uag-blocks-common-selector uagb-block-2319efd5 alignfull uagb-is-root-container\"><div class=\"uagb-container-inner-blocks-wrap\">\n<div class=\"wp-block-uagb-container uag-blocks-common-selector uagb-block-4a4eec62\">\n<div class=\"wp-block-uagb-image uagb-block-01b79a8b wp-block-uagb-image--layout-default wp-block-uagb-image--effect-static wp-block-uagb-image--align-none\"><figure class=\"wp-block-uagb-image__figure\"><img decoding=\"async\" srcset=\"http:\/\/appelcarrascal.com\/wp-content\/uploads\/2023\/05\/Local-app-el-carrascal1.jpg \" sizes=\"auto, (max-width: 480px) 150px\" src=\"http:\/\/appelcarrascal.com\/wp-content\/uploads\/2023\/05\/Local-app-el-carrascal1.jpg\" alt=\"\" class=\"uag-image-605\" width=\"640\" height=\"478\" title=\"\" loading=\"lazy\" role=\"img\"\/><\/figure><\/div>\n<\/div>\n\n\n\n<div class=\"wp-block-uagb-container uagb-block-4cd739be\">\n<p class=\"has-ast-global-color-2-color has-ast-global-color-5-background-color has-text-color has-background has-link-color wp-elements-8731490fc581bf2d45fd924487e9d279\">Mi pasi\u00f3n por la inform\u00e1tica comenz\u00f3 en la infancia, en una \u00e9poca en la que la magia de los juegos se escond\u00eda en p\u00e1ginas de c\u00f3digo que copi\u00e1bamos de revistas al&nbsp;<strong>Commodore 64&nbsp;<\/strong>que nuestros padres nos regalaron.<\/p>\n\n\n\n<p class=\"has-ast-global-color-5-color has-ast-global-color-2-background-color has-text-color has-background has-link-color wp-elements-338e90dbe7bc59e1ec7a96d11433337c\">Mis hermanos y yo pas\u00e1bamos horas introduciendo esos c\u00f3digos, enfrent\u00e1ndonos a errores que parec\u00edan insuperables.<\/p>\n\n\n\n<p class=\"has-ast-global-color-2-color has-ast-global-color-5-background-color has-text-color has-background has-link-color wp-elements-9c602e7f86f964b2077d7aa9fdd2208f\">Fue ah\u00ed donde aprendimos el verdadero valor del trabajo en equipo, compartiendo tanto la frustraci\u00f3n de los fallos como la euforia de hacer funcionar un juego.<\/p>\n\n\n\n<p class=\"has-ast-global-color-5-color has-ast-global-color-2-background-color has-text-color has-background has-link-color wp-elements-5070d70def140af88d995a50dba1f609\"><strong><em>Esos momentos no solo nos formaron, sino que crearon recuerdos imborrables.<\/em><\/strong><\/p>\n\n\n\n<p class=\"has-ast-global-color-2-color has-ast-global-color-5-background-color has-text-color has-background has-link-color wp-elements-605754bd7b5d14c36d7d5a5b2fb3c13e\">Con el tiempo, dimos el salto a nuestro primer PC, una adquisici\u00f3n que, en retrospectiva, parece casi incre\u00edble.<\/p>\n\n\n\n<p class=\"has-ast-global-color-5-color has-ast-global-color-2-background-color has-text-color has-background has-link-color wp-elements-29112ffd6a2c7b2f70e894b774da9aed\">Lo compramos&nbsp;<em>en un garaje en Alcorc\u00f3n<\/em>, un lugar que no era ni siquiera una tienda f\u00edsica, sino un espacio que, como el garaje de Apple, promet\u00eda un mundo de posibilidades.<\/p>\n\n\n\n<p class=\"has-ast-global-color-2-color has-ast-global-color-5-background-color has-text-color has-background has-link-color wp-elements-83f49495fdd9e1e63eb55be1adf2d8db\">Convencimos a nuestros padres para invertir una suma considerable, confiando en nuestra visi\u00f3n de futuro.<\/p>\n\n\n\n<p class=\"has-ast-global-color-5-color has-ast-global-color-2-background-color has-text-color has-background has-link-color wp-elements-505159c317cbeec5908db080fd70ed7d\">As\u00ed pas\u00f3 la vida, mientras me formaba en&nbsp;<strong>Inform\u00e1tica de Gesti\u00f3n<\/strong>&nbsp;y realizaba cursos de&nbsp;<strong>Mantenimiento de equipos inform\u00e1ticos<\/strong>.<\/p>\n\n\n\n<p class=\"has-ast-global-color-2-color has-ast-global-color-5-background-color has-text-color has-background has-link-color wp-elements-6d529aaf15a2ed94a714e72ec4f52ffc\">Invert\u00ed incontables horas trasteando, desarmando, aprendiendo. Todo ese esfuerzo y aprendizaje me llevaron a crear esta empresa de servicios inform\u00e1ticos, un proyecto que ha crecido con m\u00e1s de 20 a\u00f1os de experiencia y una tienda f\u00edsica que abr\u00ed en 2012. Aqu\u00ed, seguimos con la misma pasi\u00f3n que encendi\u00f3 mi amor por la tecnolog\u00eda, ayudando a otros a solucionar problemas y alcanzar sus sue\u00f1os tecnol\u00f3gicos.<\/p>\n<\/div>\n<\/div><\/div>\n\n\n\n<div class=\"wp-block-uagb-container uagb-block-e5c2a102 alignfull uagb-is-root-container\"><div class=\"uagb-container-inner-blocks-wrap\">\n<div class=\"wp-block-uagb-advanced-heading uagb-block-8f42f9e7\"><h2 class=\"uagb-heading-text\">Lo que dicen nuestros clientes<\/h2><\/div>\n<\/div><\/div>\n\n\n\n<div class=\"wp-block-uagb-container uagb-block-a6c9ca1c alignfull uagb-is-root-container\"><div class=\"uagb-container-inner-blocks-wrap\">\n<div class=\"wp-block-uagb-testimonial uagb-slick-carousel uagb-tm__arrow-outside uagb-block-a02ee6ef uagb-post__carousel_notset uagb-post__carousel_notset-tablet\"><div class=\"is-carousel uagb-tm__columns-2 uagb-tm__items\"><div class=\"uagb-testimonial__wrap  uagb-tm__imgicon-style-square uagb-tm__image-position-bottom uagb-tm__bg-type-none \"><div class=\"uagb-tm__content\"><div class=\"uagb-tm__overlay\"><\/div><div class=\"uagb-tm__text-wrap\"><div class=\"uagb-tm__desc\">R\u00e1pido, agradable y buen profesional,fui ayer por la tarde para recuperar fotos de un pendrive y adem\u00e1s de tenerlas al d\u00eda siguiente ha salvado el pendrive para poder seguir us\u00e1ndolo,me fie de las rese\u00f1as que eran muy positivas y lo he comprobado yo misma, volver\u00e9 y lo recomendar\u00e9 siempre que necesite algo de tecnolog\u00eda con un buen profesional,muchas gracias<\/div><div class=\"uagb-tm__meta-inner\"><div class=\"uagb-tm__image-content\"><div class=\"uagb-tm__image\"><img decoding=\"async\" class=\"uagb-tm-img-src\" src=\"http:\/\/appelcarrascal.com\/wp-content\/uploads\/2023\/05\/Google-stars-e1562581996263-300x163.png\" alt=\"\" width=\"60\" height=\"32\" loading=\"lazy\"\/><\/div><\/div><div class=\"uagb-testimonial-details\"><span class=\"uagb-tm__author-name\">Rese\u00f1a real de Google<\/span><span class=\"uagb-tm__company\">Cliente de la tienda<\/span><\/div><\/div><\/div><\/div><\/div><div class=\"uagb-testimonial__wrap  uagb-tm__imgicon-style-square uagb-tm__image-position-bottom uagb-tm__bg-type-none \"><div class=\"uagb-tm__content\"><div class=\"uagb-tm__overlay\"><\/div><div class=\"uagb-tm__text-wrap\"><div class=\"uagb-tm__desc\">Recomiendo la Tienda 100%, llevo mucho tiempo siendo cliente habitual y la verdad tiene un trato exquisito y cercano aparte de la calidad como persona es un Gran Profesional.<br>Adem\u00e1s, se preocupa por el cliente y sobre todo aconseja.<br>Siempre he quedado Satisfecho con el trabajo que ha realizado.<\/div><div class=\"uagb-tm__meta-inner\"><div class=\"uagb-tm__image-content\"><div class=\"uagb-tm__image\"><img decoding=\"async\" class=\"uagb-tm-img-src\" src=\"http:\/\/appelcarrascal.com\/wp-content\/uploads\/2023\/05\/Google-stars-e1562581996263-300x163.png\" alt=\"\" width=\"60\" height=\"32\" loading=\"lazy\"\/><\/div><\/div><div class=\"uagb-testimonial-details\"><span class=\"uagb-tm__author-name\">Rese\u00f1a real de Google<\/span><span class=\"uagb-tm__company\">Cliente de la tienda<\/span><\/div><\/div><\/div><\/div><\/div><\/div><\/div>\n<\/div><\/div>\n\n\n\n<div class=\"wp-block-uagb-container uagb-block-673f5d87 alignfull uagb-is-root-container\"><div class=\"uagb-container-inner-blocks-wrap\">\n<div class=\"wp-block-uagb-testimonial uagb-slick-carousel uagb-tm__arrow-outside uagb-block-d1185ff9 uagb-post__carousel_notset uagb-post__carousel_notset-tablet\"><div class=\"is-carousel uagb-tm__columns-2 uagb-tm__items\"><div class=\"uagb-testimonial__wrap  uagb-tm__imgicon-style-square uagb-tm__image-position-bottom uagb-tm__bg-type-none \"><div class=\"uagb-tm__content\"><div class=\"uagb-tm__overlay\"><\/div><div class=\"uagb-tm__text-wrap\"><div class=\"uagb-tm__desc\">La mejor tienda para arreglar ordenador. Buen trato y, si, como en mi caso, pueden hacerlo con control remoto, no necesitas ni llevar la torre. Econ\u00f3mico y 100 por 100 recomendable. Muy profesionales.Gracias por todo.<\/div><div class=\"uagb-tm__meta-inner\"><div class=\"uagb-tm__image-content\"><div class=\"uagb-tm__image\"><img decoding=\"async\" class=\"uagb-tm-img-src\" src=\"http:\/\/appelcarrascal.com\/wp-content\/uploads\/2023\/05\/Google-stars-e1562581996263-300x163.png\" alt=\"\" width=\"60\" height=\"32\" loading=\"lazy\"\/><\/div><\/div><div class=\"uagb-testimonial-details\"><span class=\"uagb-tm__author-name\">Rese\u00f1a real de Google<\/span><span class=\"uagb-tm__company\">Cliente de la tienda<\/span><\/div><\/div><\/div><\/div><\/div><div class=\"uagb-testimonial__wrap  uagb-tm__imgicon-style-square uagb-tm__image-position-bottom uagb-tm__bg-type-none \"><div class=\"uagb-tm__content\"><div class=\"uagb-tm__overlay\"><\/div><div class=\"uagb-tm__text-wrap\"><div class=\"uagb-tm__desc\">Tienda de inform\u00e1tica recomendable 100%,, fui por un problema con un port\u00e1til y el asesoramiento fue estupendo, explic\u00e1ndolo todo al detalle, presupuest\u00e1ndolo en el momento y el ordenador estaba arreglado al d\u00eda siguiente funcionando incluso mejor.<br>Trato, amabilidad, fiabilidad y rapidez,, que m\u00e1s se puede pedir, me la recomend\u00f3 un amigo y acert\u00f3 de pleno.<br>Ya tengo donde ir siempre que tenga un problema con los ordenadores, aunque me pille un poco alejado de casa merece la pena desplazarte.<\/div><div class=\"uagb-tm__meta-inner\"><div class=\"uagb-tm__image-content\"><div class=\"uagb-tm__image\"><img decoding=\"async\" class=\"uagb-tm-img-src\" src=\"http:\/\/appelcarrascal.com\/wp-content\/uploads\/2023\/05\/Google-stars-e1562581996263-300x163.png\" alt=\"\" width=\"60\" height=\"32\" loading=\"lazy\"\/><\/div><\/div><div class=\"uagb-testimonial-details\"><span class=\"uagb-tm__author-name\">Rese\u00f1a real de Google<\/span><span class=\"uagb-tm__company\">Cliente de la tienda<\/span><\/div><\/div><\/div><\/div><\/div><\/div><\/div>\n<\/div><\/div>\n\n\n\n<div class=\"wp-block-uagb-container uagb-block-3c70ebe5 alignfull uagb-is-root-container\"><div class=\"uagb-container-inner-blocks-wrap\">\n<div class=\"wp-block-uagb-container uagb-block-a82a0a79\">\n<div class=\"wp-block-uagb-info-box uagb-block-a037b2f1 uagb-infobox__content-wrap  uagb-infobox-icon-above-title uagb-infobox-image-valign-top\"><div class=\"uagb-ifb-content\"><div class=\"uagb-ifb-title-wrap\"><h3 class=\"uagb-ifb-title\">Escr\u00edbenos y cu\u00e9ntanos en que podemos ayudarte.<\/h3><\/div><p class=\"uagb-ifb-desc\">Te lo ponemos f\u00e1cil, escanea este QR y ya estar\u00e1s chateando con nosotros por WhatsApp o pulsa el siguiente enlace:<\/p><div class=\"uagb-ifb-button-wrapper wp-block-button\"><a href=\"https:\/\/wa.me\/message\/LHW6TQAHORVAK1\" target=\"_blank\" onclick=\"return true;\" class=\"uagb-infobox-cta-link\" rel=\"noopener noreferrer\"><span class=\"uagb-inline-editing\">WhatsApp <\/span><svg xmlns=\"https:\/\/www.w3.org\/2000\/svg\" viewBox=\"0 0 448 512\"><path d=\"M380.9 97.1C339 55.1 283.2 32 223.9 32c-122.4 0-222 99.6-222 222 0 39.1 10.2 77.3 29.6 111L0 480l117.7-30.9c32.4 17.7 68.9 27 106.1 27h.1c122.3 0 224.1-99.6 224.1-222 0-59.3-25.2-115-67.1-157zm-157 341.6c-33.2 0-65.7-8.9-94-25.7l-6.7-4-69.8 18.3L72 359.2l-4.4-7c-18.5-29.4-28.2-63.3-28.2-98.2 0-101.7 82.8-184.5 184.6-184.5 49.3 0 95.6 19.2 130.4 54.1 34.8 34.9 56.2 81.2 56.1 130.5 0 101.8-84.9 184.6-186.6 184.6zm101.2-138.2c-5.5-2.8-32.8-16.2-37.9-18-5.1-1.9-8.8-2.8-12.5 2.8-3.7 5.6-14.3 18-17.6 21.8-3.2 3.7-6.5 4.2-12 1.4-32.6-16.3-54-29.1-75.5-66-5.7-9.8 5.7-9.1 16.3-30.3 1.8-3.7 .9-6.9-.5-9.7-1.4-2.8-12.5-30.1-17.1-41.2-4.5-10.8-9.1-9.3-12.5-9.5-3.2-.2-6.9-.2-10.6-.2-3.7 0-9.7 1.4-14.8 6.9-5.1 5.6-19.4 19-19.4 46.3 0 27.3 19.9 53.7 22.6 57.4 2.8 3.7 39.1 59.7 94.8 83.8 35.2 15.2 49 16.5 66.6 13.9 10.7-1.6 32.8-13.4 37.4-26.4 4.6-13 4.6-24.1 3.2-26.4-1.3-2.5-5-3.9-10.5-6.6z\"><\/path><\/svg><\/a><\/div><\/div><\/div>\n<\/div>\n\n\n\n<div class=\"wp-block-uagb-container uagb-block-31898cf1\">\n<div class=\"wp-block-uagb-image aligncenter uagb-block-91d3a536 wp-block-uagb-image--layout-default wp-block-uagb-image--effect-static wp-block-uagb-image--align-center\"><figure class=\"wp-block-uagb-image__figure\"><img decoding=\"async\" srcset=\"http:\/\/appelcarrascal.com\/wp-content\/uploads\/2023\/05\/QR-WhatsApp-Tienda-4.png \" sizes=\"auto, (max-width: 480px) 150px\" src=\"http:\/\/appelcarrascal.com\/wp-content\/uploads\/2023\/05\/QR-WhatsApp-Tienda-4.png\" alt=\"\" class=\"uag-image-956\" width=\"272\" height=\"345\" title=\"\" loading=\"lazy\" role=\"img\"\/><\/figure><\/div>\n<\/div>\n<\/div><\/div>\n","protected":false},"excerpt":{"rendered":"<p>Mi pasi\u00f3n por la inform\u00e1tica comenz\u00f3 en la infancia, en una \u00e9poca en la que la magia de los juegos se escond\u00eda en p\u00e1ginas de c\u00f3digo que copi\u00e1bamos de revistas al&nbsp;Commodore 64&nbsp;que nuestros padres nos regalaron. Mis hermanos y yo pas\u00e1bamos horas introduciendo esos c\u00f3digos, enfrent\u00e1ndonos a errores que parec\u00edan insuperables. Fue ah\u00ed donde aprendimos [&hellip;]<\/p>\n","protected":false},"author":1,"featured_media":0,"parent":0,"menu_order":0,"comment_status":"closed","ping_status":"closed","template":"","meta":{"_uag_custom_page_level_css":"","site-sidebar-layout":"no-sidebar","site-content-layout":"page-builder","ast-site-content-layout":"default","site-content-style":"default","site-sidebar-style":"default","ast-global-header-display":"","ast-banner-title-visibility":"","ast-main-header-display":"","ast-hfb-above-header-display":"","ast-hfb-below-header-display":"","ast-hfb-mobile-header-display":"","site-post-title":"disabled","ast-breadcrumbs-content":"","ast-featured-img":"disabled","footer-sml-layout":"","ast-disable-related-posts":"","theme-transparent-header-meta":"enabled","adv-header-id-meta":"","stick-header-meta":"","header-above-stick-meta":"","header-main-stick-meta":"","header-below-stick-meta":"","astra-migrate-meta-layouts":"default","ast-page-background-enabled":"default","ast-page-background-meta":{"desktop":{"background-color":"var(--ast-global-color-4)","background-image":"","background-repeat":"repeat","background-position":"center center","background-size":"auto","background-attachment":"scroll","background-type":"","background-media":"","overlay-type":"","overlay-color":"","overlay-opacity":"","overlay-gradient":""},"tablet":{"background-color":"","background-image":"","background-repeat":"repeat","background-position":"center center","background-size":"auto","background-attachment":"scroll","background-type":"","background-media":"","overlay-type":"","overlay-color":"","overlay-opacity":"","overlay-gradient":""},"mobile":{"background-color":"","background-image":"","background-repeat":"repeat","background-position":"center center","background-size":"auto","background-attachment":"scroll","background-type":"","background-media":"","overlay-type":"","overlay-color":"","overlay-opacity":"","overlay-gradient":""}},"ast-content-background-meta":{"desktop":{"background-color":"var(--ast-global-color-5)","background-image":"","background-repeat":"repeat","background-position":"center center","background-size":"auto","background-attachment":"scroll","background-type":"","background-media":"","overlay-type":"","overlay-color":"","overlay-opacity":"","overlay-gradient":""},"tablet":{"background-color":"var(--ast-global-color-5)","background-image":"","background-repeat":"repeat","background-position":"center center","background-size":"auto","background-attachment":"scroll","background-type":"","background-media":"","overlay-type":"","overlay-color":"","overlay-opacity":"","overlay-gradient":""},"mobile":{"background-color":"var(--ast-global-color-5)","background-image":"","background-repeat":"repeat","background-position":"center center","background-size":"auto","background-attachment":"scroll","background-type":"","background-media":"","overlay-type":"","overlay-color":"","overlay-opacity":"","overlay-gradient":""}},"footnotes":""},"class_list":["post-139","page","type-page","status-publish","hentry"],"uagb_featured_image_src":{"full":false,"thumbnail":false,"medium":false,"medium_large":false,"large":false,"1536x1536":false,"2048x2048":false},"uagb_author_info":{"display_name":"admin","author_link":"http:\/\/appelcarrascal.com\/?author=1"},"uagb_comment_info":0,"uagb_excerpt":"Mi pasi\u00f3n por la inform\u00e1tica comenz\u00f3 en la infancia, en una \u00e9poca en la que la magia de los juegos se escond\u00eda en p\u00e1ginas de c\u00f3digo que copi\u00e1bamos de revistas al&nbsp;Commodore 64&nbsp;que nuestros padres nos regalaron. Mis hermanos y yo pas\u00e1bamos horas introduciendo esos c\u00f3digos, enfrent\u00e1ndonos a errores que parec\u00edan insuperables. Fue ah\u00ed donde aprendimos&hellip;","_links":{"self":[{"href":"http:\/\/appelcarrascal.com\/index.php?rest_route=\/wp\/v2\/pages\/139","targetHints":{"allow":["GET"]}}],"collection":[{"href":"http:\/\/appelcarrascal.com\/index.php?rest_route=\/wp\/v2\/pages"}],"about":[{"href":"http:\/\/appelcarrascal.com\/index.php?rest_route=\/wp\/v2\/types\/page"}],"author":[{"embeddable":true,"href":"http:\/\/appelcarrascal.com\/index.php?rest_route=\/wp\/v2\/users\/1"}],"replies":[{"embeddable":true,"href":"http:\/\/appelcarrascal.com\/index.php?rest_route=%2Fwp%2Fv2%2Fcomments&post=139"}],"version-history":[{"count":35,"href":"http:\/\/appelcarrascal.com\/index.php?rest_route=\/wp\/v2\/pages\/139\/revisions"}],"predecessor-version":[{"id":1162,"href":"http:\/\/appelcarrascal.com\/index.php?rest_route=\/wp\/v2\/pages\/139\/revisions\/1162"}],"wp:attachment":[{"href":"http:\/\/appelcarrascal.com\/index.php?rest_route=%2Fwp%2Fv2%2Fmedia&parent=139"}],"curies":[{"name":"wp","href":"https:\/\/api.w.org\/{rel}","templated":true}]}}